{"id":224,"date":"2026-01-04T08:23:11","date_gmt":"2026-01-04T08:23:11","guid":{"rendered":"https:\/\/epstories.com\/?page_id=224"},"modified":"2026-02-24T20:00:33","modified_gmt":"2026-02-24T20:00:33","slug":"autori","status":"publish","type":"page","link":"https:\/\/epstories.com\/it\/autori\/","title":{"rendered":"AUTORI"},"content":{"rendered":"\t\t<div data-elementor-type=\"wp-page\" data-elementor-id=\"224\" class=\"elementor elementor-224\" data-elementor-post-type=\"page\">\n\t\t\t\t<div class=\"elementor-element elementor-element-a82520e e-flex e-con-boxed e-con e-parent\" data-id=\"a82520e\" data-element_type=\"container\" data-e-type=\"container\">\n\t\t\t\t\t<div class=\"e-con-inner\">\n\t\t<div class=\"elementor-element elementor-element-af944a8 e-con-full e-flex e-con e-child\" data-id=\"af944a8\" data-element_type=\"container\" data-e-type=\"container\">\n\t\t\t\t<div class=\"elementor-element elementor-element-815fb40 elementor-widget-tablet__width-initial elementor-widget elementor-widget-heading\" data-id=\"815fb40\" data-element_type=\"widget\" data-e-type=\"widget\" id=\"emilianopoloni\" data-widget_type=\"heading.default\">\n\t\t\t\t<div class=\"elementor-widget-container\">\n\t\t\t\t\t<h2 class=\"elementor-heading-title elementor-size-default\"><a href=\"https:\/\/emilianopoloni.com\" target=\"_blank\">EMILIANO POLONI<\/a><\/h2>\t\t\t\t<\/div>\n\t\t\t\t<\/div>\n\t\t\t\t<div class=\"elementor-element elementor-element-97de9a6 elementor-widget elementor-widget-spacer\" data-id=\"97de9a6\" data-element_type=\"widget\" data-e-type=\"widget\" data-widget_type=\"spacer.default\">\n\t\t\t\t<div class=\"elementor-widget-container\">\n\t\t\t\t\t\t\t<div class=\"elementor-spacer\">\n\t\t\t<div class=\"elementor-spacer-inner\"><\/div>\n\t\t<\/div>\n\t\t\t\t\t\t<\/div>\n\t\t\t\t<\/div>\n\t\t<div class=\"elementor-element elementor-element-8af2ae3 e-con-full e-flex e-con e-child\" data-id=\"8af2ae3\" data-element_type=\"container\" data-e-type=\"container\">\n\t\t<div class=\"elementor-element elementor-element-0474d57 e-con-full e-flex e-con e-child\" data-id=\"0474d57\" data-element_type=\"container\" data-e-type=\"container\">\n\t\t\t\t<div class=\"elementor-element elementor-element-c7045fa elementor-widget-tablet__width-inherit elementor-widget__width-initial elementor-widget elementor-widget-image\" data-id=\"c7045fa\" data-element_type=\"widget\" data-e-type=\"widget\" data-widget_type=\"image.default\">\n\t\t\t\t<div class=\"elementor-widget-container\">\n\t\t\t\t\t\t\t\t\t\t\t\t\t\t\t<img alt=\"\" fetchpriority=\"high\" decoding=\"async\" width=\"768\" height=\"1152\" src=\"https:\/\/epstories.com\/wp-content\/uploads\/2026\/01\/emi-pagina-autore-768x1152.webp\" class=\"attachment-medium_large size-medium_large wp-image-506\" alt=\"\" srcset=\"https:\/\/epstories.com\/wp-content\/uploads\/2026\/01\/emi-pagina-autore-768x1152.webp 768w, https:\/\/epstories.com\/wp-content\/uploads\/2026\/01\/emi-pagina-autore-200x300.webp 200w, https:\/\/epstories.com\/wp-content\/uploads\/2026\/01\/emi-pagina-autore-683x1024.webp 683w, https:\/\/epstories.com\/wp-content\/uploads\/2026\/01\/emi-pagina-autore.webp 800w\" sizes=\"(max-width: 768px) 100vw, 768px\" \/>\t\t\t\t\t\t\t\t\t\t\t\t\t\t\t<\/div>\n\t\t\t\t<\/div>\n\t\t\t\t<\/div>\n\t\t<div class=\"elementor-element elementor-element-2ab6249 e-con-full e-flex e-con e-child\" data-id=\"2ab6249\" data-element_type=\"container\" data-e-type=\"container\">\n\t\t\t\t<div class=\"elementor-element elementor-element-dfc7bfc elementor-widget elementor-widget-text-editor\" data-id=\"dfc7bfc\" data-element_type=\"widget\" data-e-type=\"widget\" data-widget_type=\"text-editor.default\">\n\t\t\t\t<div class=\"elementor-widget-container\">\n\t\t\t\t\t\t\t\t\t<p>Emiliano Poloni \u00e8 uno scrittore italiano di fantascienza.<br>\u00c8 marito, padre e pilota.<span style=\"font-style: inherit; font-weight: inherit;\">&nbsp;Cresciuto in un piccolo paese della pianura bergamasca, dove da bambino seguiva con lo sguardo le scie degli aerei chiedendosi cosa si provasse, lass\u00f9, a osservare il mondo dall\u2019alto. A sedici anni ha lasciato casa per inseguire il volo, affrontando un percorso lungo e tutt\u2019altro che lineare, che lo ha portato prima nell\u2019Aeronautica Militare Italiana e poi nell\u2019aviazione civile. Oggi vola su aeromobili di grandi dimensioni, in contesti dove responsabilit\u00e0, controllo ed errore umano non sono concetti astratti, ma parte della quotidianit\u00e0.<\/span><\/p>\n<p>La scrittura lo accompagna da sempre. Quando immagina una storia, questa finisce inevitabilmente per sconfinare nel fantastico e nel soprannaturale: la fantascienza diventa cos\u00ec il linguaggio pi\u00f9 naturale per dare forma alla sua immaginazione e interrogarsi su coscienza, identit\u00e0 e conseguenze delle scelte. Non come evasione, ma come spazio narrativo in cui portare all\u2019estremo domande profondamente umane.<\/p>\n<p>Da questa esigenza nasce EP Stories, l\u2019universo narrativo attraverso cui sviluppa storie che condividono una stessa visione del mondo, anche quando cambiano personaggi e ambientazioni. Un contenitore creativo pensato per raccontare vicende in cui le scelte hanno un peso reale e le conseguenze non possono essere eluse.<\/p>\n<p>Con Dream Loop, Emiliano Poloni d\u00e0 forma compiuta a questo percorso, aprendo un progetto narrativo destinato a espandersi nel tempo.<\/p>\t\t\t\t\t\t\t\t<\/div>\n\t\t\t\t<\/div>\n\t\t\t\t<\/div>\n\t\t\t\t<\/div>\n\t\t<div class=\"elementor-element elementor-element-b1047ec e-con-full e-flex e-con e-child\" data-id=\"b1047ec\" data-element_type=\"container\" data-e-type=\"container\">\n\t\t<div class=\"elementor-element elementor-element-4a91734 e-con-full e-flex e-con e-child\" data-id=\"4a91734\" data-element_type=\"container\" data-e-type=\"container\">\n\t\t\t\t<div class=\"elementor-element elementor-element-a424a87 elementor-widget__width-inherit elementor-widget-tablet__width-initial elementor-widget elementor-widget-heading\" data-id=\"a424a87\" data-element_type=\"widget\" data-e-type=\"widget\" data-widget_type=\"heading.default\">\n\t\t\t\t<div class=\"elementor-widget-container\">\n\t\t\t\t\t<h2 class=\"elementor-heading-title elementor-size-default\">LIBRI PUBBLICATI<\/h2>\t\t\t\t<\/div>\n\t\t\t\t<\/div>\n\t\t<div class=\"elementor-element elementor-element-b8eca2e e-con-full e-flex e-con e-child\" data-id=\"b8eca2e\" data-element_type=\"container\" data-e-type=\"container\">\n\t\t\t\t<div class=\"elementor-element elementor-element-aa2d8b2 elementor-widget__width-initial elementor-widget-tablet__width-initial elementor-widget elementor-widget-image\" data-id=\"aa2d8b2\" data-element_type=\"widget\" data-e-type=\"widget\" data-widget_type=\"image.default\">\n\t\t\t\t<div class=\"elementor-widget-container\">\n\t\t\t\t\t\t\t\t\t\t\t\t\t\t\t\t<a href=\"https:\/\/epstories.com\/#dreamloop\">\n\t\t\t\t\t\t\t<img alt=\"\" decoding=\"async\" width=\"723\" height=\"1024\" src=\"https:\/\/epstories.com\/wp-content\/uploads\/2026\/02\/DL-NEW-NO-SFONDO_ITA-O-2.0-723x1024.webp\" class=\"attachment-large size-large wp-image-1645\" alt=\"\" srcset=\"https:\/\/epstories.com\/wp-content\/uploads\/2026\/02\/DL-NEW-NO-SFONDO_ITA-O-2.0-723x1024.webp 723w, https:\/\/epstories.com\/wp-content\/uploads\/2026\/02\/DL-NEW-NO-SFONDO_ITA-O-2.0-212x300.webp 212w, https:\/\/epstories.com\/wp-content\/uploads\/2026\/02\/DL-NEW-NO-SFONDO_ITA-O-2.0-768x1087.png 768w, https:\/\/epstories.com\/wp-content\/uploads\/2026\/02\/DL-NEW-NO-SFONDO_ITA-O-2.0-8x12.png 8w, https:\/\/epstories.com\/wp-content\/uploads\/2026\/02\/DL-NEW-NO-SFONDO_ITA-O-2.0.webp 904w\" sizes=\"(max-width: 723px) 100vw, 723px\" \/>\t\t\t\t\t\t\t\t<\/a>\n\t\t\t\t\t\t\t\t\t\t\t\t\t\t\t<\/div>\n\t\t\t\t<\/div>\n\t\t\t\t<\/div>\n\t\t\t\t<\/div>\n\t\t\t\t<\/div>\n\t\t\t\t<\/div>\n\t\t\t\t\t<\/div>\n\t\t\t\t<\/div>\n\t\t<div class=\"elementor-element elementor-element-afce3c7 e-flex e-con-boxed e-con e-parent\" data-id=\"afce3c7\" data-element_type=\"container\" data-e-type=\"container\">\n\t\t\t\t\t<div class=\"e-con-inner\">\n\t\t\t\t<div class=\"elementor-element elementor-element-e34a4ec elementor-widget elementor-widget-heading\" data-id=\"e34a4ec\" data-element_type=\"widget\" data-e-type=\"widget\" data-widget_type=\"heading.default\">\n\t\t\t\t<div class=\"elementor-widget-container\">\n\t\t\t\t\t<p class=\"elementor-heading-title elementor-size-default\">\u2727<\/p>\t\t\t\t<\/div>\n\t\t\t\t<\/div>\n\t\t\t\t\t<\/div>\n\t\t\t\t<\/div>\n\t\t\t\t<\/div>\n\t\t","protected":false},"excerpt":{"rendered":"<p>EMILIANO POLONI Emiliano Poloni \u00e8 uno scrittore italiano di fantascienza.\u00c8 marito, padre e pilota.&nbsp;Cresciuto in un piccolo paese della pianura [&hellip;]<\/p>\n","protected":false},"author":1,"featured_media":149,"parent":0,"menu_order":0,"comment_status":"closed","ping_status":"closed","template":"elementor_header_footer","meta":{"_acf_changed":false,"_seopress_robots_primary_cat":"","_seopress_titles_title":"","_seopress_titles_desc":"","_seopress_robots_index":"","site-sidebar-layout":"no-sidebar","site-content-layout":"","ast-site-content-layout":"default","site-content-style":"default","site-sidebar-style":"default","ast-global-header-display":"disabled","ast-banner-title-visibility":"","ast-main-header-display":"","ast-hfb-above-header-display":"","ast-hfb-below-header-display":"","ast-hfb-mobile-header-display":"","site-post-title":"","ast-breadcrumbs-content":"","ast-featured-img":"disabled","footer-sml-layout":"","ast-disable-related-posts":"","theme-transparent-header-meta":"","adv-header-id-meta":"","stick-header-meta":"","header-above-stick-meta":"","header-main-stick-meta":"","header-below-stick-meta":"","astra-migrate-meta-layouts":"default","ast-page-background-enabled":"default","ast-page-background-meta":{"desktop":{"background-color":"var(--ast-global-color-5)","background-image":"","background-repeat":"repeat","background-position":"center center","background-size":"auto","background-attachment":"scroll","background-type":"","background-media":"","overlay-type":"","overlay-color":"","overlay-opacity":"","overlay-gradient":""},"tablet":{"background-color":"","background-image":"","background-repeat":"repeat","background-position":"center center","background-size":"auto","background-attachment":"scroll","background-type":"","background-media":"","overlay-type":"","overlay-color":"","overlay-opacity":"","overlay-gradient":""},"mobile":{"background-color":"","background-image":"","background-repeat":"repeat","background-position":"center center","background-size":"auto","background-attachment":"scroll","background-type":"","background-media":"","overlay-type":"","overlay-color":"","overlay-opacity":"","overlay-gradient":""}},"ast-content-background-meta":{"desktop":{"background-color":"var(--ast-global-color-4)","background-image":"","background-repeat":"repeat","background-position":"center center","background-size":"auto","background-attachment":"scroll","background-type":"","background-media":"","overlay-type":"","overlay-color":"","overlay-opacity":"","overlay-gradient":""},"tablet":{"background-color":"var(--ast-global-color-4)","background-image":"","background-repeat":"repeat","background-position":"center center","background-size":"auto","background-attachment":"scroll","background-type":"","background-media":"","overlay-type":"","overlay-color":"","overlay-opacity":"","overlay-gradient":""},"mobile":{"background-color":"var(--ast-global-color-4)","background-image":"","background-repeat":"repeat","background-position":"center center","background-size":"auto","background-attachment":"scroll","background-type":"","background-media":"","overlay-type":"","overlay-color":"","overlay-opacity":"","overlay-gradient":""}},"footnotes":""},"class_list":["post-224","page","type-page","status-publish","has-post-thumbnail","hentry"],"acf":[],"_links":{"self":[{"href":"https:\/\/epstories.com\/it\/wp-json\/wp\/v2\/pages\/224","targetHints":{"allow":["GET"]}}],"collection":[{"href":"https:\/\/epstories.com\/it\/wp-json\/wp\/v2\/pages"}],"about":[{"href":"https:\/\/epstories.com\/it\/wp-json\/wp\/v2\/types\/page"}],"author":[{"embeddable":true,"href":"https:\/\/epstories.com\/it\/wp-json\/wp\/v2\/users\/1"}],"replies":[{"embeddable":true,"href":"https:\/\/epstories.com\/it\/wp-json\/wp\/v2\/comments?post=224"}],"version-history":[{"count":113,"href":"https:\/\/epstories.com\/it\/wp-json\/wp\/v2\/pages\/224\/revisions"}],"predecessor-version":[{"id":1653,"href":"https:\/\/epstories.com\/it\/wp-json\/wp\/v2\/pages\/224\/revisions\/1653"}],"wp:featuredmedia":[{"embeddable":true,"href":"https:\/\/epstories.com\/it\/wp-json\/wp\/v2\/media\/149"}],"wp:attachment":[{"href":"https:\/\/epstories.com\/it\/wp-json\/wp\/v2\/media?parent=224"}],"curies":[{"name":"wp","href":"https:\/\/api.w.org\/{rel}","templated":true}]}}